 {"id":35,"date":"2023-06-19T16:03:26","date_gmt":"2023-06-19T16:03:26","guid":{"rendered":"https:\/\/trading.panavana.com\/?post_type=product&#038;p=35"},"modified":"2023-06-19T16:03:26","modified_gmt":"2023-06-19T16:03:26","slug":"aceite-de-oliva-virgen-extra-ecologico-members-mark-2-l","status":"publish","type":"product","link":"https:\/\/trading.panavana.com\/index.php\/product\/aceite-de-oliva-virgen-extra-ecologico-members-mark-2-l\/","title":{"rendered":"Aceite de Oliva Virgen Extra Ecol\u00f3gico Member&#8217;s Mark (2 L)"},"content":{"rendered":"<p><span class=\"Y2IQFc\" lang=\"es\">El aceite de oliva virgen extra org\u00e1nico Member&#8217;s Mark\u2122 se embotella en Italia despu\u00e9s de su primer prensado en fr\u00edo, por lo que mantiene un sabor audaz. Este aceite de oliva est\u00e1 certificado por USDA Organic y 100% garantizado por Member&#8217;s Mark. Ser\u00e1 un b\u00e1sico en tu cocina. Tenga a mano el aceite de oliva virgen extra org\u00e1nico Member&#8217;s Mark para todas sus necesidades culinarias. Este aceite de oliva virgen extra Member&#8217;s Mark tiene un rico sabor con notas frescas y un final suave. Disfrute de este aceite de oliva org\u00e1nico en un aderezo para ensaladas. Roc\u00edalo sobre el pan o util\u00edzalo para cocinar carnes y verduras. Esta botella grande contiene 2 litros de aceite de oliva y tiene una excelente relaci\u00f3n calidad-precio. Ya sea que lo est\u00e9 usando en casa o en una cocina comercial, este aceite de oliva realzar\u00e1 pr\u00e1cticamente cualquier plato. El aceite de oliva comienza a descomponerse en presencia de calor, aire y luz. Lo mejor es almacenar el aceite de oliva virgen extra org\u00e1nico Member&#8217;s Mark en un lugar fresco y oscuro.<\/span><\/p>\n","protected":false},"excerpt":{"rendered":"<p id=\"tw-target-text\" class=\"tw-data-text tw-text-large tw-ta\" dir=\"ltr\" data-placeholder=\"Traducci\u00f3n\"><span class=\"Y2IQFc\" lang=\"es\">El aceite de oliva virgen extra org\u00e1nico Member&#8217;s Mark\u2122 se embotella en Italia despu\u00e9s de su primer prensado en fr\u00edo, por lo que mantiene un sabor audaz.Ser\u00e1 un b\u00e1sico en tu cocina. \u00a0Este aceite de oliva virgen extra Member&#8217;s Mark tiene un rico sabor con notas frescas y un final suave. Disfrute de este aceite de oliva org\u00e1nico en un aderezo para ensaladas. Roc\u00edalo sobre el pan o util\u00edzalo para cocinar carnes y verduras. Esta botella grande contiene 2 litros de aceite de oliva y tiene una excelente relaci\u00f3n calidad-precio. El aceite de oliva comienza a descomponerse en presencia de calor, aire y luz. Lo mejor es almacenar el aceite de oliva virgen extra org\u00e1nico Member&#8217;s Mark en un lugar fresco y oscuro.<\/span><\/p>\n","protected":false},"featured_media":36,"comment_status":"open","ping_status":"closed","template":"","meta":[],"product_cat":[22],"product_tag":[],"_links":{"self":[{"href":"https:\/\/trading.panavana.com\/index.php\/wp-json\/wp\/v2\/product\/35"}],"collection":[{"href":"https:\/\/trading.panavana.com\/index.php\/wp-json\/wp\/v2\/product"}],"about":[{"href":"https:\/\/trading.panavana.com\/index.php\/wp-json\/wp\/v2\/types\/product"}],"replies":[{"embeddable":true,"href":"https:\/\/trading.panavana.com\/index.php\/wp-json\/wp\/v2\/comments?post=35"}],"wp:featuredmedia":[{"embeddable":true,"href":"https:\/\/trading.panavana.com\/index.php\/wp-json\/wp\/v2\/media\/36"}],"wp:attachment":[{"href":"https:\/\/trading.panavana.com\/index.php\/wp-json\/wp\/v2\/media?parent=35"}],"wp:term":[{"taxonomy":"product_cat","embeddable":true,"href":"https:\/\/trading.panavana.com\/index.php\/wp-json\/wp\/v2\/product_cat?post=35"},{"taxonomy":"product_tag","embeddable":true,"href":"https:\/\/trading.panavana.com\/index.php\/wp-json\/wp\/v2\/product_tag?post=35"}],"curies":[{"name":"wp","href":"https:\/\/api.w.org\/{rel}","templated":true}]}}