 {"id":39,"date":"2023-06-26T19:54:45","date_gmt":"2023-06-26T19:54:45","guid":{"rendered":"https:\/\/trading.panavana.com\/?post_type=product&#038;p=39"},"modified":"2023-06-30T20:11:18","modified_gmt":"2023-06-30T20:11:18","slug":"cemento-gris-portland-titan-america","status":"publish","type":"product","link":"https:\/\/trading.panavana.com\/index.php\/product\/cemento-gris-portland-titan-america\/","title":{"rendered":"Cemento Gris Portland Titan America"},"content":{"rendered":"<p>El tipo 1 L es ampliamente utilizado para todo tipo de construcci\u00f3n de hormig\u00f3n, sus usos en hormig\u00f3n incluyen pavimentos, pisos, edificios de hormig\u00f3n armado, puentes, tuber\u00edas, unidades de mamposter\u00eda y otros productos de hormig\u00f3n prefabricado.<\/p>\n<p>El tipo IL (PLC) contiene hasta un 15 % de piedra caliza finamente molida y ha sido probado y aceptado a fondo con los mismos est\u00e1ndares y rendimiento que nuestros clientes esperan.<\/p>\n<p>Proporciona un material de construcci\u00f3n sostenible mejorado a trav\u00e9s de la implementaci\u00f3n de tecnolog\u00eda probada que ahorra energ\u00eda y tiene una menor huella de CO2 en comparaci\u00f3n con el tipo I\/II<\/p>\n<p>&nbsp;<\/p>\n","protected":false},"excerpt":{"rendered":"<p>El tipo 1 L es ampliamente utilizado para todo tipo de construcci\u00f3n de hormig\u00f3n, sus usos en hormig\u00f3n incluyen pavimentos, pisos, edificios de hormig\u00f3n armado, puentes, tuber\u00edas, unidades de mamposter\u00eda y otros productos de hormig\u00f3n prefabricado.<\/p>\n","protected":false},"featured_media":40,"comment_status":"open","ping_status":"closed","template":"","meta":[],"product_cat":[16],"product_tag":[],"_links":{"self":[{"href":"https:\/\/trading.panavana.com\/index.php\/wp-json\/wp\/v2\/product\/39"}],"collection":[{"href":"https:\/\/trading.panavana.com\/index.php\/wp-json\/wp\/v2\/product"}],"about":[{"href":"https:\/\/trading.panavana.com\/index.php\/wp-json\/wp\/v2\/types\/product"}],"replies":[{"embeddable":true,"href":"https:\/\/trading.panavana.com\/index.php\/wp-json\/wp\/v2\/comments?post=39"}],"wp:featuredmedia":[{"embeddable":true,"href":"https:\/\/trading.panavana.com\/index.php\/wp-json\/wp\/v2\/media\/40"}],"wp:attachment":[{"href":"https:\/\/trading.panavana.com\/index.php\/wp-json\/wp\/v2\/media?parent=39"}],"wp:term":[{"taxonomy":"product_cat","embeddable":true,"href":"https:\/\/trading.panavana.com\/index.php\/wp-json\/wp\/v2\/product_cat?post=39"},{"taxonomy":"product_tag","embeddable":true,"href":"https:\/\/trading.panavana.com\/index.php\/wp-json\/wp\/v2\/product_tag?post=39"}],"curies":[{"name":"wp","href":"https:\/\/api.w.org\/{rel}","templated":true}]}}